{"id":10,"date":"2023-09-08T22:17:39","date_gmt":"2023-09-08T22:17:39","guid":{"rendered":"https:\/\/freestyleacademy.rocks\/~KayleeJ\/?page_id=10"},"modified":"2025-06-02T19:17:23","modified_gmt":"2025-06-02T19:17:23","slug":"about-me","status":"publish","type":"page","link":"https:\/\/freestyleacademy.rocks\/~KayleeJ\/about-me\/","title":{"rendered":"About Me"},"content":{"rendered":"<div class=\"wp-block-image is-style-rounded\">\n<figure class=\"alignleft size-full is-resized\"><img loading=\"lazy\" decoding=\"async\" width=\"600\" height=\"800\" src=\"https:\/\/freestyleacademy.rocks\/~KayleeJ\/wp-content\/uploads\/2025\/05\/KayleeJ.jpg\" alt=\"\" class=\"wp-image-626\" style=\"width:362px;height:auto\" srcset=\"https:\/\/freestyleacademy.rocks\/~KayleeJ\/wp-content\/uploads\/2025\/05\/KayleeJ.jpg 600w, https:\/\/freestyleacademy.rocks\/~KayleeJ\/wp-content\/uploads\/2025\/05\/KayleeJ-225x300.jpg 225w\" sizes=\"auto, (max-width: 600px) 100vw, 600px\" \/><\/figure>\n<\/div>\n\n\n<p class=\"has-medium-font-size\">Hey! My name is Kaylee and a past student at Freestyle Academy with Design was my elective!<\/p>\n\n\n\n<p style=\"font-size:16px\">I usually don&#8217;t have a filter in what I say so most people usually know what&#8217;s going on in my head. Along with that, I can be pretty chatty and from what other people told me, I&#8217;m unintentionally funny.<\/p>\n\n\n\n<p style=\"font-size:16px\">I enjoy reading books and playing Pok\u00e9mon games. My favorite book series is The Hunger Games, and my favorite Pok\u00e9mon game is Pok\u00e9mon Black and White along with their sequel, Pokemon Black and White 2. Outside of school, I do Thai Dancing and I play the ranad ek and chakhe at a Thai Buddhist temple in Fremont.<\/p>\n\n\n\n<p style=\"font-size:16px\">During my past two years of Freestyle, I grew a lot as an artist and as a person. I learned to used programs like Adobe Photoshop and Adobe Illustrator and how to take pictures with a DSLR camera. I went out of my comfort zone and grew into a leadership role in my senior year with planning the Freestyle school dances. The friends and connections I made in the past two years are something I would cherish for a lifetime. I am really happy that I saw the Freestyle booth in my freshmen year because I don&#8217;t know where I would be without Freestyle.<\/p>\n\n\n\n<figure class=\"wp-block-image size-large\"><img loading=\"lazy\" decoding=\"async\" width=\"1024\" height=\"768\" src=\"https:\/\/freestyleacademy.rocks\/~KayleeJ\/wp-content\/uploads\/2025\/06\/IMG_8752-1024x768.jpg\" alt=\"\" class=\"wp-image-663\" srcset=\"https:\/\/freestyleacademy.rocks\/~KayleeJ\/wp-content\/uploads\/2025\/06\/IMG_8752-1024x768.jpg 1024w, https:\/\/freestyleacademy.rocks\/~KayleeJ\/wp-content\/uploads\/2025\/06\/IMG_8752-300x225.jpg 300w, https:\/\/freestyleacademy.rocks\/~KayleeJ\/wp-content\/uploads\/2025\/06\/IMG_8752-768x576.jpg 768w, https:\/\/freestyleacademy.rocks\/~KayleeJ\/wp-content\/uploads\/2025\/06\/IMG_8752.jpg 1067w\" sizes=\"auto, (max-width: 1024px) 100vw, 1024px\" \/><\/figure>\n\n\n\n<p style=\"font-size:16px\"><\/p>\n","protected":false},"excerpt":{"rendered":"<p>Hey! My name is Kaylee and a past student at Freestyle Academy with Design was my elective! I usually don&#8217;t have a filter in what I say so most people usually know what&#8217;s going on in my head. Along with that, I can be pretty chatty and from what other people told me, I&#8217;m unintentionally funny. I enjoy reading books and playing Pok\u00e9mon games. My favorite book series is The Hunger Games, and my favorite Pok\u00e9mon game is Pok\u00e9mon Black and White along with their sequel, Pokemon Black and White 2. Outside of school, I do Thai Dancing and I play the ranad ek and chakhe at a Thai Buddhist temple in Fremont. During my past two years of Freestyle, I grew a lot as an artist and as a person. I learned to used programs like Adobe Photoshop and Adobe Illustrator and how to take pictures with a DSLR camera. I went out of my comfort zone and grew into a leadership role in my senior year with planning the Freestyle school dances. The friends and connections I made in the past two years are something I would cherish for a lifetime. I am really happy that I saw the Freestyle booth in my freshmen year because I don&#8217;t know where I would be without Freestyle.<\/p>\n","protected":false},"author":1,"featured_media":0,"parent":0,"menu_order":0,"comment_status":"closed","ping_status":"closed","template":"","meta":{"footnotes":""},"class_list":["post-10","page","type-page","status-publish","hentry"],"_links":{"self":[{"href":"https:\/\/freestyleacademy.rocks\/~KayleeJ\/wp-json\/wp\/v2\/pages\/10","targetHints":{"allow":["GET"]}}],"collection":[{"href":"https:\/\/freestyleacademy.rocks\/~KayleeJ\/wp-json\/wp\/v2\/pages"}],"about":[{"href":"https:\/\/freestyleacademy.rocks\/~KayleeJ\/wp-json\/wp\/v2\/types\/page"}],"author":[{"embeddable":true,"href":"https:\/\/freestyleacademy.rocks\/~KayleeJ\/wp-json\/wp\/v2\/users\/1"}],"replies":[{"embeddable":true,"href":"https:\/\/freestyleacademy.rocks\/~KayleeJ\/wp-json\/wp\/v2\/comments?post=10"}],"version-history":[{"count":40,"href":"https:\/\/freestyleacademy.rocks\/~KayleeJ\/wp-json\/wp\/v2\/pages\/10\/revisions"}],"predecessor-version":[{"id":664,"href":"https:\/\/freestyleacademy.rocks\/~KayleeJ\/wp-json\/wp\/v2\/pages\/10\/revisions\/664"}],"wp:attachment":[{"href":"https:\/\/freestyleacademy.rocks\/~KayleeJ\/wp-json\/wp\/v2\/media?parent=10"}],"curies":[{"name":"wp","href":"https:\/\/api.w.org\/{rel}","templated":true}]}}